{"id":14519,"date":"2026-01-29T09:36:01","date_gmt":"2026-01-29T09:36:01","guid":{"rendered":"https:\/\/intens.hu\/?page_id=14519"},"modified":"2026-01-29T10:20:27","modified_gmt":"2026-01-29T10:20:27","slug":"intens-bejelentkezes","status":"publish","type":"page","link":"https:\/\/intens.hu\/?page_id=14519","title":{"rendered":"Intens bejelentkez\u00e9s"},"content":{"rendered":"<div style=\"max-width:980px;margin:148px auto;padding:0 16px;font-family:system-ui,-apple-system,'Segoe UI',Roboto,Arial,sans-serif;color:#0F172A;\">\n<h3>iNTENS bel\u00e9p\u00e9s<\/h3>\n<p><\/p>\n<p>\nT\u00e1j\u00e9koztatjuk, hogy <b>alm\u00e9r\u00e9si<\/b> szolg\u00e1ltat\u00e1sunk az <b>iNTENS-iDataBrain<\/b> tov\u00e1bbiakban az <a href=\"https:\/\/idatabrain.get-data.hu\">idatabrain.get-data.hu<\/a> c\u00edmen \u00e9rhet\u0151 el.<\/p>\n<p>A <b>szakreferensi<\/b> adatok tov\u00e1bbra is a <a href=\"https:\/\/hub.intens.hu\">hub.intens.hu<\/a> c\u00edmen \u00e9rhet\u0151k el\n<\/p>\n<div stlye=\"text-align: center\">\n<div style=\"width:80%\">\n<div class=\"blue-btn button\"><a href=\"https:\/\/idatabrain.get-data.hu\">iNTENS-iDataBrain &#8211; alm\u00e9r\u00e9s <\/a><\/div>\n<div class=\"blue-btn button float-right\"><a href=\"https:\/\/hub.intens.hu\">Szakreferensi adatok<\/a><\/div>\n<\/div>\n<\/div>\n<\/div>\n","protected":false},"excerpt":{"rendered":"<p>iNTENS bel\u00e9p\u00e9s T\u00e1j\u00e9koztatjuk, hogy alm\u00e9r\u00e9si szolg\u00e1ltat\u00e1sunk az iNTENS-iDataBrain tov\u00e1bbiakban az idatabrain.get-data.hu c\u00edmen \u00e9rhet\u0151 el. A szakreferensi adatok tov\u00e1bbra is a hub.intens.hu c\u00edmen \u00e9rhet\u0151k el iNTENS-iDataBrain &#8211; alm\u00e9r\u00e9s Szakreferensi adatok<\/p>\n","protected":false},"author":1,"featured_media":0,"parent":0,"menu_order":0,"comment_status":"closed","ping_status":"closed","template":"","meta":{"_monsterinsights_skip_tracking":false,"_monsterinsights_sitenote_active":false,"_monsterinsights_sitenote_note":"","_monsterinsights_sitenote_category":0,"footnotes":""},"class_list":["post-14519","page","type-page","status-publish","hentry"],"_links":{"self":[{"href":"https:\/\/intens.hu\/index.php?rest_route=\/wp\/v2\/pages\/14519","targetHints":{"allow":["GET"]}}],"collection":[{"href":"https:\/\/intens.hu\/index.php?rest_route=\/wp\/v2\/pages"}],"about":[{"href":"https:\/\/intens.hu\/index.php?rest_route=\/wp\/v2\/types\/page"}],"author":[{"embeddable":true,"href":"https:\/\/intens.hu\/index.php?rest_route=\/wp\/v2\/users\/1"}],"replies":[{"embeddable":true,"href":"https:\/\/intens.hu\/index.php?rest_route=%2Fwp%2Fv2%2Fcomments&post=14519"}],"version-history":[{"count":40,"href":"https:\/\/intens.hu\/index.php?rest_route=\/wp\/v2\/pages\/14519\/revisions"}],"predecessor-version":[{"id":14569,"href":"https:\/\/intens.hu\/index.php?rest_route=\/wp\/v2\/pages\/14519\/revisions\/14569"}],"wp:attachment":[{"href":"https:\/\/intens.hu\/index.php?rest_route=%2Fwp%2Fv2%2Fmedia&parent=14519"}],"curies":[{"name":"wp","href":"https:\/\/api.w.org\/{rel}","templated":true}]}}